{"id":18387,"date":"2017-09-15T08:34:16","date_gmt":"2017-09-15T08:34:16","guid":{"rendered":"http:\/\/wordpressdesign.today\/sicilianhouses\/?page_id=18387"},"modified":"2023-12-06T18:15:15","modified_gmt":"2023-12-06T17:15:15","slug":"foretaget","status":"publish","type":"page","link":"https:\/\/sicilianhouses.com\/sv\/foretaget\/","title":{"rendered":"F\u00f6retaget"},"content":{"rendered":"<div class=\"wpb-content-wrapper\"><p>[vc_row][vc_column][vc_column_text]Sedan 2008 har vi hj\u00e4lpt utl\u00e4ndska medborgare att k\u00f6pa fastigheter p\u00e5 Sicilien. Att k\u00f6pa och renovera p\u00e5 Sicilien \u00e4r inte sv\u00e5rt om man vet hur det g\u00e5r till. Om inte, \u00e4r det n\u00e4stan om\u00f6jligt. F\u00f6r oss inneb\u00e4r hj\u00e4lp mer \u00e4n att bara underteckna en handling.<\/p>\n<p>V\u00e5ra tj\u00e4nster inkluderar allt du beh\u00f6ver f\u00f6r att komma ig\u00e5ng med din nya fastighet och, om s\u00e5 \u00f6nskas, din bos\u00e4ttning. Vi \u00e4r svensk\u00e4gda och vi talar svenska, engelska och italienska.<\/p>\n<p>V\u00e4lkommen att kontakta oss om du har n\u00e5gra fr\u00e5gor.[\/vc_column_text][\/vc_column][\/vc_row][vc_row][vc_column width=&#8221;2\/3&#8243;][vc_gmaps link=&#8221;#E-8_JTNDaWZyYW1lJTIwc3JjJTNEJTIyaHR0cHMlM0ElMkYlMkZ3d3cuZ29vZ2xlLmNvbSUyRm1hcHMlMkZlbWJlZCUzRnBiJTNEJTIxMW0xOCUyMTFtMTIlMjExbTMlMjExZDMxNDQuNTM1NjYwNzIzMjIyJTIxMmQxMy42OTYwNzU1JTIxM2QzNy45ODc5NjQzOTk5OTk5OTYlMjEybTMlMjExZjAlMjEyZjAlMjEzZjAlMjEzbTIlMjExaTEwMjQlMjEyaTc2OCUyMTRmMTMuMSUyMTNtMyUyMTFtMiUyMTFzMHgxMzE3NTA0NGU2Nzc4N2NmJTI1M0EweDkwZWFlZDg1OGEwMDhkYmYlMjEyc1ZpYSUyNTIwRW5yaWNvJTI1MjBJYW5uZWxsaSUyNTJDJTI1MjAyMSUyNTJDJTI1MjA5MDAxOCUyNTIwVGVybWluaSUyNTIwSW1lcmVzZSUyNTIwUEElMjE1ZTAlMjEzbTIlMjExc2l0JTIxMnNpdCUyMTR2MTcwMTg4MTA2Nzg0MiUyMTVtMiUyMTFzaXQlMjEyc2l0JTIyJTIwd2lkdGglM0QlMjI2MDAlMjIlMjBoZWlnaHQlM0QlMjI0NTAlMjIlMjBzdHlsZSUzRCUyMmJvcmRlciUzQTAlM0IlMjIlMjBhbGxvd2Z1bGxzY3JlZW4lM0UlM0MlMkZpZnJhbWUlM0U=&#8221;][\/vc_column][vc_column width=&#8221;1\/3&#8243;][vc_column_text]<strong>\u00a0Marie Wester<br \/>\n<\/strong>&#8211; sicilian houses &#8211;<\/p>\n<p>Via Enrico Iannelli 21<br \/>\n90018 Termini Imerese (PA)<br \/>\nItalien<\/p>\n<p>Office: +39 091 204015<\/p>\n<p>Mobile: +39 328 444 8589<br \/>\n(ENG \u2013 SWE)<\/p>\n<p>Mobile: +39 351 796 3065<br \/>\n(ENG \u2013 ITA)<\/p>\n<p><a href=\"https:\/\/sicilianhouses.com\/contact-us\/\">Mail<\/a><\/p>\n<p>P.IVA: 06292050827[\/vc_column_text][\/vc_column][\/vc_row]<\/p>\n<\/div>","protected":false},"excerpt":{"rendered":"<p>[vc_row][vc_column][vc_column_text]Sedan 2008 har vi hj\u00e4lpt utl\u00e4ndska medborgare att k\u00f6pa fastigheter p\u00e5 Sicilien. Att k\u00f6pa och renovera p\u00e5 Sicilien \u00e4r inte sv\u00e5rt om man vet hur det g\u00e5r till. Om inte, \u00e4r det n\u00e4stan om\u00f6jligt. F\u00f6r oss inneb\u00e4r hj\u00e4lp mer \u00e4n att bara underteckna en handling. V\u00e5ra tj\u00e4nster inkluderar allt du beh\u00f6ver f\u00f6r att komma ig\u00e5ng med din nya fastighet och, om s\u00e5 \u00f6nskas, din &#8230;<\/p>\n","protected":false},"author":1,"featured_media":0,"parent":0,"menu_order":0,"comment_status":"closed","ping_status":"closed","template":"","meta":{"footnotes":""},"yst_prominent_words":[709,624],"class_list":["post-18387","page","type-page","status-publish","hentry"],"_links":{"self":[{"href":"https:\/\/sicilianhouses.com\/sv\/wp-json\/wp\/v2\/pages\/18387","targetHints":{"allow":["GET"]}}],"collection":[{"href":"https:\/\/sicilianhouses.com\/sv\/wp-json\/wp\/v2\/pages"}],"about":[{"href":"https:\/\/sicilianhouses.com\/sv\/wp-json\/wp\/v2\/types\/page"}],"author":[{"embeddable":true,"href":"https:\/\/sicilianhouses.com\/sv\/wp-json\/wp\/v2\/users\/1"}],"replies":[{"embeddable":true,"href":"https:\/\/sicilianhouses.com\/sv\/wp-json\/wp\/v2\/comments?post=18387"}],"version-history":[{"count":0,"href":"https:\/\/sicilianhouses.com\/sv\/wp-json\/wp\/v2\/pages\/18387\/revisions"}],"wp:attachment":[{"href":"https:\/\/sicilianhouses.com\/sv\/wp-json\/wp\/v2\/media?parent=18387"}],"wp:term":[{"taxonomy":"yst_prominent_words","embeddable":true,"href":"https:\/\/sicilianhouses.com\/sv\/wp-json\/wp\/v2\/yst_prominent_words?post=18387"}],"curies":[{"name":"wp","href":"https:\/\/api.w.org\/{rel}","templated":true}]}}