{"id":18411,"date":"2017-09-15T10:11:55","date_gmt":"2017-09-15T10:11:55","guid":{"rendered":"http:\/\/wordpressdesign.today\/sicilianhouses\/?page_id=18411"},"modified":"2021-08-03T16:46:48","modified_gmt":"2021-08-03T14:46:48","slug":"bygg-renovera","status":"publish","type":"page","link":"https:\/\/sicilianhouses.com\/sv\/bygg-renovera\/","title":{"rendered":"Bygg\/renovera"},"content":{"rendered":"<div class=\"wpb-content-wrapper\"><p>[vc_row content_placement=&#8221;middle&#8221; parallax=&#8221;content-moving&#8221; parallax_image=&#8221;18801&#8243; bg_type=&#8221;image&#8221; parallax_style=&#8221;vcpb-default&#8221; bg_image_new=&#8221;id^257774|url^https:\/\/sicilianhouses.com\/wp-content\/uploads\/2018\/06\/DSC_2947.jpg|caption^null|alt^null|title^DSC_2947|description^null&#8221; bg_image_repeat=&#8221;no-repeat&#8221; parallax_content=&#8221;parallax_content_value&#8221; parallax_content_sense=&#8221;40&#8243; css=&#8221;.vc_custom_1529068057724{margin-bottom: 30px !important;padding-top: 100px !important;padding-bottom: 50px !important;background-position: 0 0;background-repeat: no-repeat !important;}&#8221;][vc_column]<div class=\"spacer\" style=\"height:50px;\"><\/div>[\/vc_column][\/vc_row][vc_row][vc_column width=&#8221;1\/2&#8243;][vc_column_text]Att Sicilien \u00e4r jungfruelig mark har massor av f\u00f6rdelar, men ocks\u00e5 visssa nackdelar. Det \u00e4r enkelt att hitta fantastiska st\u00e4der och landsbygd, men det kan vara sv\u00e5rare att hitta ett hus som standard- och stilm\u00e4ssigt lever upp till kraven. D\u00e5 kan renovering eller konstruktion vara v\u00e4gen att g\u00e5. Och d\u00e4r har vi v\u00e5r styrka.<\/p>\n<p><b>Administration\u00a0<\/b><b>och<\/b>\u00a0<b>tillst\u00e5nd<\/b><\/p>\n<p>Administration och byr\u00e5krati \u00e4r omfattande i Italien. Vi har hand om hela processen och ser till att alla tillst\u00e5nd finns p\u00e5 plats. Vi samordnar alla ing\u00e5ende yrkeskategorier, f\u00f6r att du bara skall ha en enda kontaktyta. Det inneb\u00e4r ocks\u00e5 att v\u00e5r garanti t\u00e4cker alla ing\u00e5ende akt\u00f6rer.<\/p>\n<p><b>Vad<\/b>\u00a0<b>kostar<\/b>\u00a0<b>det<\/b>\u00a0<b>att<\/b>\u00a0<b>renovera<\/b><b>\/<\/b><b>bygga<\/b><b>?<\/b><\/p>\n<p>Det beror s\u00e5 mycket p\u00e5 vad som skall g\u00f6ras, fastighetens bel\u00e4genhet etc att det \u00e4r sv\u00e5rt att ge exakta svar. Vi tar fram d\u00e4remot bindande, nedbrutna offerter i varje enskilt fall, innan ni skriver p\u00e5 k\u00f6pekontrakt f\u00f6r fastigheten. V\u00e5r m\u00e5ls\u00e4ttning \u00e4r alltid att ni skall ha s\u00e5 exakt kunskap som det bara g\u00e5r om hela projektets kostnad, inte bara k\u00f6pekostnaden. Och yes, det g\u00e5r att g\u00f6ra ROT-avdrag, vi hj\u00e4lper till med det.<\/p>\n<p><b>Men\u00a0<\/b><b>jag<\/b>\u00a0<b>kan<\/b>\u00a0<b>inte<\/b><b>\u00a0vara\u00a0<\/b><b>p\u00e5<\/b>\u00a0<b>plats<\/b><b>,\u00a0<\/b><b>d\u00e5<\/b>\u00a0<b>funkar<\/b>\u00a0<b>det<\/b>\u00a0<b>ju<\/b>\u00a0<b>inte<\/b><b>!<\/b><\/p>\n<p>Faktum \u00e4r att i princip inga av v\u00e5ra kunder kan n\u00e4rvara under renoveringen. Vi skickar fortl\u00f6pande foton, videos och bokar in avst\u00e4mningsm\u00f6ten via Skype. Materialval m\u00e5ste vi dock g\u00f6ra n\u00e4r ni \u00e4r n\u00e4rvarande, s\u00e5 all planl\u00e4ggning g\u00f6rs i b\u00f6rjan av processen.<\/p>\n<p><b>Jag<\/b>\u00a0<b>har<\/b>\u00a0<b>redan<\/b>\u00a0<b>k\u00f6pt<\/b><b>\u00a0en\u00a0<\/b><b>fastighet<\/b>\u00a0<b>p\u00e5<\/b>\u00a0<b>Sicilien<\/b><b>, men\u00a0<\/b><b>skulle<\/b>\u00a0<b>vilja\u00a0<\/b><b>anlita<\/b>\u00a0<b>er<\/b>\u00a0<b>f\u00f6r<\/b>\u00a0<b>renovering<\/b><b>,\u00a0<\/b><b>g\u00e5r<\/b>\u00a0<b>det<\/b><b>?<\/b><\/p>\n<p>Absolut, har vi bara tidsm\u00e4ssig m\u00f6jlighet s\u00e5. H\u00f6r av er, s\u00e5 tar vi fram en gemensam plan och en offert.[\/vc_column_text][\/vc_column][vc_column width=&#8221;1\/2&#8243; css=&#8221;.vc_custom_1507644170804{margin-bottom: 0px !important;border-top-width: 1px !important;border-bottom-width: 1px !important;padding-top: 20px !important;padding-bottom: 20px !important;border-top-color: #ffd511 !important;border-bottom-color: #ffd511 !important;}&#8221;][vc_cta h2=&#8221;Vi finns d\u00e4r f\u00f6r dig under hela v\u00e4gen&#8221; add_button=&#8221;bottom&#8221; btn_title=&#8221;KONTAKTA OSS&#8221; btn_style=&#8221;flat&#8221; btn_shape=&#8221;square&#8221; btn_color=&#8221;sky&#8221; btn_size=&#8221;sm&#8221; btn_align=&#8221;center&#8221; css=&#8221;.vc_custom_1628002001876{margin-top: 0px !important;margin-bottom: 0px !important;border-top-width: 2px !important;border-bottom-width: 2px !important;padding-top: 20px !important;padding-bottom: 20px !important;background-color: #fffbf4 !important;border-top-color: #ffd511 !important;border-bottom-color: #ffd511 !important;border-radius: 2px !important;}&#8221; btn_link=&#8221;url:https%3A%2F%2Fsicilianhouses.com%2Fsv%2Fcontact-us-2%2F|title:Kontakt||&#8221;]Kontakta oss idag f\u00f6r att diskutera uppl\u00e4gg.[\/vc_cta][\/vc_column][\/vc_row]<\/p>\n<\/div>","protected":false},"excerpt":{"rendered":"<p>[vc_row content_placement=&#8221;middle&#8221; parallax=&#8221;content-moving&#8221; parallax_image=&#8221;18801&#8243; bg_type=&#8221;image&#8221; parallax_style=&#8221;vcpb-default&#8221; bg_image_new=&#8221;id^257774|url^https:\/\/sicilianhouses.com\/wp-content\/uploads\/2018\/06\/DSC_2947.jpg|caption^null|alt^null|title^DSC_2947|description^null&#8221; bg_image_repeat=&#8221;no-repeat&#8221; parallax_content=&#8221;parallax_content_value&#8221; parallax_content_sense=&#8221;40&#8243; css=&#8221;.vc_custom_1529068057724{margin-bottom: 30px !important;padding-top: 100px !important;padding-bottom: 50px !important;background-position: 0 0;background-repeat: no-repeat !important;}&#8221;][vc_column][\/vc_column][\/vc_row][vc_row][vc_column width=&#8221;1\/2&#8243;][vc_column_text]Att Sicilien \u00e4r jungfruelig mark har massor av f\u00f6rdelar, men ocks\u00e5 visssa nackdelar. Det \u00e4r enkelt att hitta fantastiska st\u00e4der och landsbygd, men det kan vara sv\u00e5rare att hitta ett hus som standard- och stilm\u00e4ssigt lever upp till kraven. D\u00e5 kan renovering eller &#8230;<\/p>\n","protected":false},"author":1,"featured_media":0,"parent":0,"menu_order":0,"comment_status":"closed","ping_status":"closed","template":"","meta":{"footnotes":""},"yst_prominent_words":[1354,1353,970,1351,1352,741,1337,709,1355,1350,624],"class_list":["post-18411","page","type-page","status-publish","hentry"],"_links":{"self":[{"href":"https:\/\/sicilianhouses.com\/sv\/wp-json\/wp\/v2\/pages\/18411","targetHints":{"allow":["GET"]}}],"collection":[{"href":"https:\/\/sicilianhouses.com\/sv\/wp-json\/wp\/v2\/pages"}],"about":[{"href":"https:\/\/sicilianhouses.com\/sv\/wp-json\/wp\/v2\/types\/page"}],"author":[{"embeddable":true,"href":"https:\/\/sicilianhouses.com\/sv\/wp-json\/wp\/v2\/users\/1"}],"replies":[{"embeddable":true,"href":"https:\/\/sicilianhouses.com\/sv\/wp-json\/wp\/v2\/comments?post=18411"}],"version-history":[{"count":0,"href":"https:\/\/sicilianhouses.com\/sv\/wp-json\/wp\/v2\/pages\/18411\/revisions"}],"wp:attachment":[{"href":"https:\/\/sicilianhouses.com\/sv\/wp-json\/wp\/v2\/media?parent=18411"}],"wp:term":[{"taxonomy":"yst_prominent_words","embeddable":true,"href":"https:\/\/sicilianhouses.com\/sv\/wp-json\/wp\/v2\/yst_prominent_words?post=18411"}],"curies":[{"name":"wp","href":"https:\/\/api.w.org\/{rel}","templated":true}]}}