{"id":41886,"date":"2017-08-15T11:17:49","date_gmt":"2017-08-15T11:17:49","guid":{"rendered":"http:\/\/miami.wpestatetheme.org\/?page_id=18241"},"modified":"2017-08-15T11:17:49","modified_gmt":"2017-08-15T11:17:49","slug":"terms-of-use-2","status":"publish","type":"page","link":"https:\/\/sicilianhouses.com\/sv\/terms-of-use-2\/","title":{"rendered":"Anv\u00e4ndarvillkor"},"content":{"rendered":"<p>Denna sekretesspolicy reglerar det s\u00e4tt p\u00e5 vilket Sicilian Houses samlar, anv\u00e4nder, underh\u00e5ller och avsl\u00f6jar information som samlats in fr\u00e5n anv\u00e4ndare (var och en, en &#8221;Anv\u00e4ndare&#8221;) p\u00e5 webbplatsen. Denna sekretesspolicy g\u00e4ller webbplatsen och alla produkter och tj\u00e4nster som erbjuds av Sicilian houses.<\/p>\n<h3>Personlig identifieringsinformation<\/h3>\n<p>Vi kan samla in personuppgifter fr\u00e5n anv\u00e4ndare p\u00e5 olika s\u00e4tt i samband med aktiviteter, tj\u00e4nster, funktioner eller resurser som vi g\u00f6r tillg\u00e4ngliga p\u00e5 v\u00e5r webbplats. Anv\u00e4ndare kan bes\u00f6ka v\u00e5r webbplats anonymt. Vi kommer endast att samla in personuppgifter fr\u00e5n anv\u00e4ndare om de frivilligt l\u00e4mnar in s\u00e5dan information till oss. Anv\u00e4ndare kan alltid v\u00e4gra att tillhandah\u00e5lla personligt identifieringsinformation, f\u00f6rutom att det kan hindra dem fr\u00e5n att engagera sig i vissa webbplatsrelaterade aktiviteter.<\/p>\n<h3>Icke-personlig identifieringsinformation<\/h3>\n<p>Vi kan samla in personliga identifieringsuppgifter om anv\u00e4ndare n\u00e4r de interagerar med v\u00e5r webbplats. Icke-personlig identifieringsinformation kan inneh\u00e5lla webbl\u00e4sarens namn, typ av dator och teknisk information om anv\u00e4ndare betyder anslutning till v\u00e5r webbplats, till exempel operativsystemet och de anv\u00e4nda Internetleverant\u00f6rerna och annan liknande information.<\/p>\n<h3>Webbl\u00e4sarkakor<\/h3>\n<p>V\u00e5r webbplats kan anv\u00e4nda &#8221;cookies&#8221; f\u00f6r att f\u00f6rb\u00e4ttra anv\u00e4ndarupplevelsen. Anv\u00e4ndarens webbl\u00e4sare placerar cookies p\u00e5 h\u00e5rddisken f\u00f6r inspelning och ibland sp\u00e5ras information om dem. Anv\u00e4ndaren kan v\u00e4lja att st\u00e4lla in sin webbl\u00e4sare f\u00f6r att v\u00e4gra cookies eller att varna dig n\u00e4r cookies skickas. Om detta g\u00f6rs, notera att vissa delar av webbplatsen kanske inte fungerar korrekt.<\/p>\n<h3>Hur vi skyddar din information<\/h3>\n<p>Vi anv\u00e4nder oss av l\u00e4mplig datainsamling, lagring och bearbetningspraxis och s\u00e4kerhets\u00e5tg\u00e4rder f\u00f6r att skydda mot obeh\u00f6rig \u00e5tkomst, \u00e4ndring, avsl\u00f6jande eller f\u00f6rst\u00f6relse av din personliga information, anv\u00e4ndarnamn, l\u00f6senord, transaktionsinformation och data som lagras p\u00e5 v\u00e5r webbplats.<\/p>\n<h3>Dela din personliga information<\/h3>\n<p>Vi s\u00e4ljer och hyr inte ut anv\u00e4ndares personuppgifter till andra. Vi kan dela generisk aggregerad demografisk information som inte \u00e4r kopplad till n\u00e5gon personlig identifieringsinformation om bes\u00f6kare och anv\u00e4ndare med v\u00e5ra aff\u00e4rspartners, betrodda medlemsf\u00f6rbund och annons\u00f6rer f\u00f6r de \u00e4ndam\u00e5l som beskrivs ovan.<\/p>\n<h3>\u00c4ndringar av denna sekretesspolicy<\/h3>\n<p>Sicilian Houses har r\u00e4tt att uppdatera denna sekretesspolicy n\u00e4r som helst. N\u00e4r vi g\u00f6r detta uppdateras datum l\u00e4ngst ner p\u00e5 denna sida. Vi uppmuntrar Anv\u00e4ndare att regelbundet kontrollera denna sida f\u00f6r eventuella f\u00f6r\u00e4ndringar f\u00f6r att h\u00e5lla sig informerade om hur vi hj\u00e4lper till att skydda den personliga information vi samlar in. Du bekr\u00e4ftar och godk\u00e4nner att det \u00e4r ditt ansvar att regelbundet granska denna sekretesspolicy och bli medveten om \u00e4ndringar.<\/p>\n<h3>Din godk\u00e4nnande av dessa villkor<\/h3>\n<p>Genom att anv\u00e4nda denna webbplats, inneb\u00e4r du att du godk\u00e4nner denna policy. Om du inte godk\u00e4nner denna policy, anv\u00e4nd d\u00e5 inte v\u00e5r webbplats. Din fortsatta anv\u00e4ndning av Webbplatsen efter att du l\u00e4st om \u00e4ndringarna h\u00e4r betyder att du godk\u00e4nner Wedessa \u00e4ndringar.<\/p>\n","protected":false},"excerpt":{"rendered":"<p>Denna sekretesspolicy reglerar det s\u00e4tt p\u00e5 vilket Sicilian Houses samlar, anv\u00e4nder, underh\u00e5ller och avsl\u00f6jar information som samlats in fr\u00e5n anv\u00e4ndare (var och en, en &#8221;Anv\u00e4ndare&#8221;) p\u00e5 webbplatsen. Denna sekretesspolicy g\u00e4ller webbplatsen och alla produkter och tj\u00e4nster som erbjuds av Sicilian houses. Personlig identifieringsinformation Vi kan samla in personuppgifter fr\u00e5n anv\u00e4ndare p\u00e5 olika s\u00e4tt i samband med aktiviteter, tj\u00e4nster, funktioner eller resurser som vi g\u00f6r &#8230;<\/p>\n","protected":false},"author":1,"featured_media":0,"parent":0,"menu_order":0,"comment_status":"closed","ping_status":"closed","template":"terms_conditions.php","meta":{"footnotes":""},"yst_prominent_words":[],"class_list":["post-41886","page","type-page","status-publish","hentry"],"_links":{"self":[{"href":"https:\/\/sicilianhouses.com\/sv\/wp-json\/wp\/v2\/pages\/41886","targetHints":{"allow":["GET"]}}],"collection":[{"href":"https:\/\/sicilianhouses.com\/sv\/wp-json\/wp\/v2\/pages"}],"about":[{"href":"https:\/\/sicilianhouses.com\/sv\/wp-json\/wp\/v2\/types\/page"}],"author":[{"embeddable":true,"href":"https:\/\/sicilianhouses.com\/sv\/wp-json\/wp\/v2\/users\/1"}],"replies":[{"embeddable":true,"href":"https:\/\/sicilianhouses.com\/sv\/wp-json\/wp\/v2\/comments?post=41886"}],"version-history":[{"count":0,"href":"https:\/\/sicilianhouses.com\/sv\/wp-json\/wp\/v2\/pages\/41886\/revisions"}],"wp:attachment":[{"href":"https:\/\/sicilianhouses.com\/sv\/wp-json\/wp\/v2\/media?parent=41886"}],"wp:term":[{"taxonomy":"yst_prominent_words","embeddable":true,"href":"https:\/\/sicilianhouses.com\/sv\/wp-json\/wp\/v2\/yst_prominent_words?post=41886"}],"curies":[{"name":"wp","href":"https:\/\/api.w.org\/{rel}","templated":true}]}}